{"id":226,"date":"2020-10-20T10:58:23","date_gmt":"2020-10-20T14:58:23","guid":{"rendered":"https:\/\/strategy.ecampusontario.ca\/?page_id=226"},"modified":"2020-10-23T12:00:27","modified_gmt":"2020-10-23T16:00:27","slug":"fr","status":"publish","type":"page","link":"https:\/\/strategy.ecampusontario.ca\/fr\/","title":{"rendered":"Le num\u00e9rique par conception"},"content":{"rendered":"<p>[et_pb_section fb_built=\u00a0\u00bb1&Prime; _builder_version=\u00a0\u00bb4.6.6&Prime; _module_preset=\u00a0\u00bbdefault\u00a0\u00bb custom_margin=\u00a0\u00bb0px||||false|false\u00a0\u00bb custom_padding=\u00a0\u00bb0px||||false|false\u00a0\u00bb][et_pb_row _builder_version=\u00a0\u00bb4.6.5&Prime; _module_preset=\u00a0\u00bbdefault\u00a0\u00bb][et_pb_column type=\u00a0\u00bb4_4&Prime; _builder_version=\u00a0\u00bb4.6.5&Prime; _module_preset=\u00a0\u00bbdefault\u00a0\u00bb][et_pb_text _builder_version=\u00a0\u00bb4.6.5&Prime; _module_preset=\u00a0\u00bbdefault\u00a0\u00bb text_font=\u00a0\u00bbFrutiger-Pro-Bold||||||||\u00a0\u00bb text_font_size=\u00a0\u00bb18px\u00a0\u00bb]<\/p>\n<p>eCampusOntario joue un r\u00f4le essentiel dans le syst\u00e8me d\u2019\u00e9ducation postsecondaire de l\u2019Ontario, en soutenant l\u2019exp\u00e9rience des \u00e9tudiants et l\u2019innovation des professeurs en mati\u00e8re de p\u00e9dagogie et d\u2019utilisation des technologies de l\u2019\u00e9ducation, et en poursuivant des objectifs strat\u00e9giques plus larges, comme le d\u00e9veloppement de micro-titres de comp\u00e9tences et la collaboration sectorielle. <\/p>\n<p>[\/et_pb_text][\/et_pb_column][\/et_pb_row][et_pb_row _builder_version=\u00a0\u00bb4.6.5&Prime; _module_preset=\u00a0\u00bbdefault\u00a0\u00bb custom_padding=\u00a0\u00bb||0px||false|false\u00a0\u00bb][et_pb_column type=\u00a0\u00bb4_4&Prime; _builder_version=\u00a0\u00bb4.6.5&Prime; _module_preset=\u00a0\u00bbdefault\u00a0\u00bb][et_pb_text _builder_version=\u00a0\u00bb4.6.5&Prime; _module_preset=\u00a0\u00bb4711a8ca-8786-4ecf-84af-d7d71e57d21b\u00a0\u00bb header_3_font=\u00a0\u00bbFrutiger-Pro-Bold||||||||\u00a0\u00bb header_3_text_color=\u00a0\u00bb#000000&Prime; header_3_font_size=\u00a0\u00bb24px\u00a0\u00bb]<\/p>\n<h3>eCampusOntario plan strat\u00e9gique 2021-24.<br \/>\n<\/h3>\n<p>[\/et_pb_text][\/et_pb_column][\/et_pb_row][et_pb_row column_structure=\u00a0\u00bb3_5,2_5&Prime; _builder_version=\u00a0\u00bb4.6.5&Prime; _module_preset=\u00a0\u00bbdefault\u00a0\u00bb custom_padding=\u00a0\u00bb0px||0px||true|false\u00a0\u00bb][et_pb_column type=\u00a0\u00bb3_5&Prime; _builder_version=\u00a0\u00bb4.6.5&Prime; _module_preset=\u00a0\u00bbdefault\u00a0\u00bb][et_pb_text _builder_version=\u00a0\u00bb4.6.5&Prime; _module_preset=\u00a0\u00bb33744762-6c8f-42fa-aeb3-5fe96b11ee78&Prime; text_font_size=\u00a0\u00bb18px\u00a0\u00bb custom_margin=\u00a0\u00bb45px||||false|false\u00a0\u00bb]<\/p>\n<p>Apr\u00e8s le virage caus\u00e9 par la pand\u00e9mie, notre attention se porte maintenant sur la <strong><em>Conception num\u00e9rique<\/em><\/strong>. Alors que la pand\u00e9mie nous a tous contraints \u00e0 nous d\u00e9placer rapidement en ligne, nous avons maintenant la possibilit\u00e9, de mani\u00e8re plus r\u00e9fl\u00e9chie et plus artistique,\u00a0<em><strong>de concevoir des environnements d\u2019apprentissage num\u00e9riques qui soutiennent tous les apprenants.<\/strong><\/em><\/p>\n<p>[\/et_pb_text][\/et_pb_column][et_pb_column type=\u00a0\u00bb2_5&Prime; _builder_version=\u00a0\u00bb4.6.5&Prime; _module_preset=\u00a0\u00bbdefault\u00a0\u00bb][et_pb_image src=\u00a0\u00bbhttps:\/\/strategy.ecampusontario.ca\/wp-content\/uploads\/2020\/10\/Digital-design.png\u00a0\u00bb alt=\u00a0\u00bbFrench image with computer\u00a0\u00bb title_text=\u00a0\u00bbDigital-design\u00a0\u00bb align=\u00a0\u00bbcenter\u00a0\u00bb align_tablet=\u00a0\u00bb\u00a0\u00bb align_phone=\u00a0\u00bb\u00a0\u00bb align_last_edited=\u00a0\u00bbon|desktop\u00a0\u00bb _builder_version=\u00a0\u00bb4.6.6&Prime; _module_preset=\u00a0\u00bbdefault\u00a0\u00bb width_tablet=\u00a0\u00bb50%\u00a0\u00bb width_phone=\u00a0\u00bb\u00a0\u00bb width_last_edited=\u00a0\u00bbon|phone\u00a0\u00bb][\/et_pb_image][\/et_pb_column][\/et_pb_row][et_pb_row column_structure=\u00a0\u00bb2_5,3_5&Prime; _builder_version=\u00a0\u00bb4.6.5&Prime; _module_preset=\u00a0\u00bbdefault\u00a0\u00bb custom_margin=\u00a0\u00bb-20px||||false|false\u00a0\u00bb custom_padding=\u00a0\u00bb0px||0px||true|false\u00a0\u00bb][et_pb_column type=\u00a0\u00bb2_5&Prime; _builder_version=\u00a0\u00bb4.6.5&Prime; _module_preset=\u00a0\u00bbdefault\u00a0\u00bb][et_pb_image src=\u00a0\u00bbhttps:\/\/strategy.ecampusontario.ca\/wp-content\/uploads\/2020\/10\/Diversity-icon.png\u00a0\u00bb alt=\u00a0\u00bbDiversity icon\u00a0\u00bb title_text=\u00a0\u00bbDiversity icon\u00a0\u00bb align_tablet=\u00a0\u00bbcenter\u00a0\u00bb align_phone=\u00a0\u00bb\u00a0\u00bb align_last_edited=\u00a0\u00bbon|phone\u00a0\u00bb _builder_version=\u00a0\u00bb4.6.5&Prime; _module_preset=\u00a0\u00bbdefault\u00a0\u00bb width_tablet=\u00a0\u00bb50%\u00a0\u00bb width_phone=\u00a0\u00bb\u00a0\u00bb width_last_edited=\u00a0\u00bbon|tablet\u00a0\u00bb][\/et_pb_image][\/et_pb_column][et_pb_column type=\u00a0\u00bb3_5&Prime; _builder_version=\u00a0\u00bb4.6.5&Prime; _module_preset=\u00a0\u00bbdefault\u00a0\u00bb][et_pb_text _builder_version=\u00a0\u00bb4.6.6&Prime; _module_preset=\u00a0\u00bb33744762-6c8f-42fa-aeb3-5fe96b11ee78&Prime; text_font_size=\u00a0\u00bb18px\u00a0\u00bb custom_margin=\u00a0\u00bb45px||||false|false\u00a0\u00bb]<\/p>\n<p>Le contexte social actuel d\u00e9finit notre travail. Cela inclut la n\u00e9cessit\u00e9 de se joindre \u00e0 la lutte contre le racisme envers les Noirs et le racisme envers les personnes autochtones, noires et de couleur (PANDC), et de soutenir l\u2019\u00e9quit\u00e9, la d\u00e9colonisation, la diversit\u00e9 et l\u2019inclusion dans tout ce que nous faisons. Nous allons saisir cette occasion pour reconstruire et soutenir un environnement qui donne la priorit\u00e9 \u00e0 l\u2019inclusion, \u00e0 la repr\u00e9sentation et \u00e0 la voix.<\/p>\n<p>[\/et_pb_text][\/et_pb_column][\/et_pb_row][\/et_pb_section][et_pb_section fb_built=\u00a0\u00bb1&Prime; _builder_version=\u00a0\u00bb4.6.5&Prime; _module_preset=\u00a0\u00bbdefault\u00a0\u00bb background_color=\u00a0\u00bb#F1B434&Prime; custom_padding=\u00a0\u00bb15px||15px||true|false\u00a0\u00bb][et_pb_row _builder_version=\u00a0\u00bb4.6.5&Prime; _module_preset=\u00a0\u00bbdefault\u00a0\u00bb][et_pb_column type=\u00a0\u00bb4_4&Prime; _builder_version=\u00a0\u00bb4.6.5&Prime; _module_preset=\u00a0\u00bbdefault\u00a0\u00bb][et_pb_text _builder_version=\u00a0\u00bb4.6.6&Prime; _module_preset=\u00a0\u00bb4711a8ca-8786-4ecf-84af-d7d71e57d21b\u00a0\u00bb header_3_font=\u00a0\u00bbFrutiger-Pro-Bold||||||||\u00a0\u00bb header_3_text_color=\u00a0\u00bb#000000&Prime; header_3_font_size=\u00a0\u00bb24px\u00a0\u00bb]<\/p>\n<h3>Apprenez-en davantage sur nos sprints strat\u00e9giques, le calendrier des activit\u00e9s et quelques questions pour guider la discussion.<\/h3>\n<p>[\/et_pb_text][\/et_pb_column][\/et_pb_row][\/et_pb_section][et_pb_section fb_built=\u00a0\u00bb1&Prime; _builder_version=\u00a0\u00bb4.6.5&Prime; _module_preset=\u00a0\u00bbdefault\u00a0\u00bb background_image=\u00a0\u00bbhttps:\/\/strategy.ecampusontario.ca\/wp-content\/uploads\/2020\/10\/SprintStrategy_Background.png\u00a0\u00bb][et_pb_row make_equal=\u00a0\u00bbon\u00a0\u00bb _builder_version=\u00a0\u00bb4.6.5&Prime; _module_preset=\u00a0\u00bbdefault\u00a0\u00bb custom_css_main_element=\u00a0\u00bbalign-items:center;\u00a0\u00bb][et_pb_column type=\u00a0\u00bb4_4&Prime; _builder_version=\u00a0\u00bb4.6.5&Prime; _module_preset=\u00a0\u00bbdefault\u00a0\u00bb][et_pb_text _builder_version=\u00a0\u00bb4.6.5&Prime; _module_preset=\u00a0\u00bbf223f2f1-f4ef-42f2-872d-e57d928611ea\u00a0\u00bb header_text_align=\u00a0\u00bbleft\u00a0\u00bb header_2_text_align=\u00a0\u00bbleft\u00a0\u00bb header_2_text_color=\u00a0\u00bb#000000&Prime; header_2_font_size=\u00a0\u00bb32px\u00a0\u00bb module_alignment=\u00a0\u00bbleft\u00a0\u00bb custom_margin=\u00a0\u00bb||0px||false|false\u00a0\u00bb]<\/p>\n<div style=\"display: flex; align-items: center;\">\n<p><img loading=\"lazy\" decoding=\"async\" style=\"padding: 10px 10px 10px 0px;\" src=\"https:\/\/strategy.ecampusontario.ca\/wp-content\/uploads\/2020\/10\/Strategy-Sprint-Icon.png\" width=\"100\" height=\"100\" alt=\"Strategy Sprint Icon\" class=\"wp-image-152 alignnone size-full\" \/><\/p>\n<h2>Programme des activit\u00e9s des sprints strat\u00e9giques <\/h2>\n<\/div>\n<p>&nbsp;[\/et_pb_text][et_pb_text _builder_version=\u00a0\u00bb4.6.5&Prime; _module_preset=\u00a0\u00bb33744762-6c8f-42fa-aeb3-5fe96b11ee78&Prime;]Nous avons con\u00e7u une s\u00e9rie de sprints qui nous aideront \u00e0 comprendre les multiples perspectives au sein de notre communaut\u00e9 :<\/p>\n<p>&nbsp;<\/p>\n<ul class=\"sprint-list\">\n<li><strong>Sprint 0: Comprendre les gens <\/strong><br \/>\n<span style=\"margin-left:50px;\">en cours.<\/span><\/li>\n<li><strong>Sprint 1: O\u00f9 nous devons aller<\/strong><br \/>\n<span style=\"margin-left:50px;\">19 octobre au 30 octobre<\/span><\/li>\n<li><strong>Sprint 2: Comment y arriverons-nous<\/strong><br \/>\n<span style=\"margin-left:50px;\">2 novembre au 13 novembre<\/span><\/li>\n<li><strong>Sprint 3: Ce dont nous avons besoin pour r\u00e9ussir<\/strong><br \/>\n<span style=\"margin-left:50px;\">16 novembre au 27 novembre <\/span><\/li>\n<\/ul>\n<p>[\/et_pb_text][\/et_pb_column][\/et_pb_row][\/et_pb_section][et_pb_section fb_built=\u00a0\u00bb1&Prime; _builder_version=\u00a0\u00bb4.6.5&Prime; _module_preset=\u00a0\u00bbdefault\u00a0\u00bb background_color=\u00a0\u00bb#3D374C\u00a0\u00bb custom_padding=\u00a0\u00bb20px||20px||true|false\u00a0\u00bb][et_pb_row _builder_version=\u00a0\u00bb4.6.5&Prime; _module_preset=\u00a0\u00bbdefault\u00a0\u00bb][et_pb_column type=\u00a0\u00bb4_4&Prime; _builder_version=\u00a0\u00bb4.6.5&Prime; _module_preset=\u00a0\u00bbdefault\u00a0\u00bb][et_pb_text _builder_version=\u00a0\u00bb4.6.5&Prime; _module_preset=\u00a0\u00bbf223f2f1-f4ef-42f2-872d-e57d928611ea\u00a0\u00bb header_2_font_size=\u00a0\u00bb32px\u00a0\u00bb]<\/p>\n<h2>Questions pour orienter la discussion<\/h2>\n<p>[\/et_pb_text][\/et_pb_column][\/et_pb_row][\/et_pb_section][et_pb_section fb_built=\u00a0\u00bb1&Prime; _builder_version=\u00a0\u00bb4.6.5&Prime; _module_preset=\u00a0\u00bbdefault\u00a0\u00bb background_color=\u00a0\u00bb#e0dfed\u00a0\u00bb custom_padding=\u00a0\u00bb5px||5px||true|false\u00a0\u00bb][et_pb_row _builder_version=\u00a0\u00bb4.6.5&Prime; _module_preset=\u00a0\u00bbdefault\u00a0\u00bb][et_pb_column type=\u00a0\u00bb4_4&Prime; _builder_version=\u00a0\u00bb4.6.5&Prime; _module_preset=\u00a0\u00bbdefault\u00a0\u00bb][et_pb_text _builder_version=\u00a0\u00bb4.6.5&Prime; _module_preset=\u00a0\u00bb33744762-6c8f-42fa-aeb3-5fe96b11ee78&Prime;]<\/p>\n<p>Dites-nous ce que vous en pensez : <\/p>\n<ul class=\"sprint-list question-list\">\n<li><strong>Quels sont les principaux probl\u00e8mes auxquels l\u2019enseignement postsecondaire est confront\u00e9?<\/strong>\n<\/li>\n<li>\n<strong>Quels sont les principaux probl\u00e8mes auxquels votre organisation est confront\u00e9e?<\/strong>\n<\/li>\n<li>\n<strong>Qu\u2019est-ce qui fonctionne dans le syst\u00e8me actuel? Qu\u2019est-ce qui ne fonctionne pas? Quels changements voulons-nous voir?<\/strong>\n<\/li>\n<li>\n<strong>Quelles sont les occasions qui ont \u00e9merg\u00e9 au cours des 6\u00a0derniers mois? Qu\u2019en est-il des lacunes?<\/strong>\n<\/li>\n<li>\n<strong>Comment pouvons-nous soutenir la transformation et la stabilit\u00e9 du syst\u00e8me par l\u2019apprentissage de la <em>conception num\u00e9rique<\/em>?<\/strong>\n<\/li>\n<li>\n<strong>Comment pouvons-nous cr\u00e9er une \u00e9ducation significative lorsque l\u2019interaction en face \u00e0 face est limit\u00e9e?<\/strong>\n<\/li>\n<li>\n<strong>Comment garantir que tous les apprenants puissent acc\u00e9der \u00e0 l\u2019\u00e9ducation et au soutien n\u00e9cessaires pour un d\u00e9veloppement professionnel et personnel continu?<\/strong>\n<\/li>\n<li>\n<strong>Qu\u2019est-ce qui permettrait d\u2019offrir aux apprenants une exp\u00e9rience en ligne tr\u00e8s efficace et attrayante?<\/strong>\n<\/li>\n<li>\n<strong>Quel r\u00f4le peut jouer eCampusOntario pour soutenir ces efforts?<\/strong>\n<\/li>\n<li>\n<strong>O\u00f9 voulons-nous \u00eatre dans 3\u00a0ans? 5\u00a0ans?<\/strong>\n<\/li>\n<\/ul>\n<p>[\/et_pb_text][et_pb_button button_url=\u00a0\u00bbhttps:\/\/go.ecampusontario.ca\/l\/847833\/2020-10-23\/28pcg\u00a0\u00bb button_text=\u00a0\u00bb Inscrivez-vous ici \u00a0\u00bb _builder_version=\u00a0\u00bb4.6.6&Prime; _module_preset=\u00a0\u00bb0ec4d2cd-1257-4bc6-8918-893cb7aee1e8&Prime; custom_margin=\u00a0\u00bb5px||5px||true|false\u00a0\u00bb custom_padding=\u00a0\u00bb10px|100px|10px|100px|true|true\u00a0\u00bb hover_enabled=\u00a0\u00bb0&Prime; sticky_enabled=\u00a0\u00bb0&Prime;][\/et_pb_button][et_pb_text _builder_version=\u00a0\u00bb4.6.5&Prime; _module_preset=\u00a0\u00bb33744762-6c8f-42fa-aeb3-5fe96b11ee78&Prime; custom_padding=\u00a0\u00bb0px||0px||true|false\u00a0\u00bb]<\/p>\n<p style=\"text-align: center;\"><strong>pour recevoir les mises \u00e0 jour<\/strong><\/p>\n<p>[\/et_pb_text][\/et_pb_column][\/et_pb_row][\/et_pb_section]<\/p>\n","protected":false},"excerpt":{"rendered":"<p>eCampusOntario joue un r\u00f4le essentiel dans le syst\u00e8me d\u2019\u00e9ducation postsecondaire de l\u2019Ontario, en soutenant l\u2019exp\u00e9rience des \u00e9tudiants et l\u2019innovation des professeurs en mati\u00e8re de p\u00e9dagogie et d\u2019utilisation des technologies de l\u2019\u00e9ducation, et en poursuivant des objectifs strat\u00e9giques plus larges, comme le d\u00e9veloppement de micro-titres de comp\u00e9tences et la collaboration sectorielle. eCampusOntario plan strat\u00e9gique 2021-24. Apr\u00e8s [&hellip;]<\/p>\n","protected":false},"author":2,"featured_media":0,"parent":0,"menu_order":0,"comment_status":"closed","ping_status":"closed","template":"","meta":{"_et_pb_use_builder":"on","_et_pb_old_content":"","_et_gb_content_width":"","footnotes":""},"class_list":["post-226","page","type-page","status-publish","hentry"],"_links":{"self":[{"href":"https:\/\/strategy.ecampusontario.ca\/fr\/wp-json\/wp\/v2\/pages\/226","targetHints":{"allow":["GET"]}}],"collection":[{"href":"https:\/\/strategy.ecampusontario.ca\/fr\/wp-json\/wp\/v2\/pages"}],"about":[{"href":"https:\/\/strategy.ecampusontario.ca\/fr\/wp-json\/wp\/v2\/types\/page"}],"author":[{"embeddable":true,"href":"https:\/\/strategy.ecampusontario.ca\/fr\/wp-json\/wp\/v2\/users\/2"}],"replies":[{"embeddable":true,"href":"https:\/\/strategy.ecampusontario.ca\/fr\/wp-json\/wp\/v2\/comments?post=226"}],"version-history":[{"count":11,"href":"https:\/\/strategy.ecampusontario.ca\/fr\/wp-json\/wp\/v2\/pages\/226\/revisions"}],"predecessor-version":[{"id":365,"href":"https:\/\/strategy.ecampusontario.ca\/fr\/wp-json\/wp\/v2\/pages\/226\/revisions\/365"}],"wp:attachment":[{"href":"https:\/\/strategy.ecampusontario.ca\/fr\/wp-json\/wp\/v2\/media?parent=226"}],"curies":[{"name":"wp","href":"https:\/\/api.w.org\/{rel}","templated":true}]}}